{"id":8477,"date":"2026-01-05T10:06:01","date_gmt":"2026-01-05T13:06:01","guid":{"rendered":"https:\/\/hcd.munialvear.gov.ar\/?page_id=8477"},"modified":"2026-01-05T10:06:22","modified_gmt":"2026-01-05T13:06:22","slug":"recibos-de-haberes-agosto-2026","status":"publish","type":"page","link":"https:\/\/hcd.munialvear.gov.ar\/?page_id=8477","title":{"rendered":"RECIBOS DE HABERES AGOSTO 2026"},"content":{"rendered":"\t\t<div data-elementor-type=\"wp-page\" data-elementor-id=\"8477\" class=\"elementor elementor-8477\">\n\t\t\t\t\t\t<section class=\"elementor-section elementor-top-section elementor-element elementor-element-ec77a67 elementor-section-boxed elementor-section-height-default elementor-section-height-default\" data-id=\"ec77a67\" data-element_type=\"section\">\n\t\t\t\t\t\t<div class=\"elementor-container elementor-column-gap-default\">\n\t\t\t\t\t<div class=\"elementor-column elementor-col-100 elementor-top-column elementor-element elementor-element-6e5df4d\" data-id=\"6e5df4d\" data-element_type=\"column\">\n\t\t\t<div class=\"elementor-widget-wrap elementor-element-populated\">\n\t\t\t\t\t\t<div class=\"elementor-element elementor-element-50473da elementor-widget elementor-widget-heading\" data-id=\"50473da\" data-element_type=\"widget\" data-widget_type=\"heading.default\">\n\t\t\t\t<div class=\"elementor-widget-container\">\n\t\t\t\t\t<h2 class=\"elementor-heading-title elementor-size-default\">Concejales Bloque PJ-UxP<\/h2>\t\t\t\t<\/div>\n\t\t\t\t<\/div>\n\t\t\t\t\t<\/div>\n\t\t<\/div>\n\t\t\t\t\t<\/div>\n\t\t<\/section>\n\t\t\t\t<section class=\"elementor-section elementor-top-section elementor-element elementor-element-b8a4324 elementor-section-boxed elementor-section-height-default elementor-section-height-default\" data-id=\"b8a4324\" data-element_type=\"section\">\n\t\t\t\t\t\t<div class=\"elementor-container elementor-column-gap-default\">\n\t\t\t\t\t<div class=\"elementor-column elementor-col-16 elementor-top-column elementor-element elementor-element-f091e70\" data-id=\"f091e70\" data-element_type=\"column\">\n\t\t\t<div class=\"elementor-widget-wrap elementor-element-populated\">\n\t\t\t\t\t\t<div class=\"elementor-element elementor-element-01d07a9 elementor-widget elementor-widget-text-editor\" data-id=\"01d07a9\" data-element_type=\"widget\" data-widget_type=\"text-editor.default\">\n\t\t\t\t<div class=\"elementor-widget-container\">\n\t\t\t\t\t\t\t\t\t<p>VER RECIBO<\/p><p>Elhelou, Carime Delia<\/p>\t\t\t\t\t\t\t\t<\/div>\n\t\t\t\t<\/div>\n\t\t\t\t\t<\/div>\n\t\t<\/div>\n\t\t\t\t<div class=\"elementor-column elementor-col-16 elementor-top-column elementor-element elementor-element-37a0158\" data-id=\"37a0158\" data-element_type=\"column\">\n\t\t\t<div class=\"elementor-widget-wrap elementor-element-populated\">\n\t\t\t\t\t\t<div class=\"elementor-element elementor-element-a5c9c72 elementor-widget elementor-widget-text-editor\" data-id=\"a5c9c72\" data-element_type=\"widget\" data-widget_type=\"text-editor.default\">\n\t\t\t\t<div class=\"elementor-widget-container\">\n\t\t\t\t\t\t\t\t\t<p>VER RECIBO<\/p><p>Vilches, Jos\u00e9 Mariano<\/p>\t\t\t\t\t\t\t\t<\/div>\n\t\t\t\t<\/div>\n\t\t\t\t\t<\/div>\n\t\t<\/div>\n\t\t\t\t<div class=\"elementor-column elementor-col-16 elementor-top-column elementor-element elementor-element-03a10d2\" data-id=\"03a10d2\" data-element_type=\"column\">\n\t\t\t<div class=\"elementor-widget-wrap elementor-element-populated\">\n\t\t\t\t\t\t<div class=\"elementor-element elementor-element-28bb111 elementor-widget elementor-widget-text-editor\" data-id=\"28bb111\" data-element_type=\"widget\" data-widget_type=\"text-editor.default\">\n\t\t\t\t<div class=\"elementor-widget-container\">\n\t\t\t\t\t\t\t\t\t<p>VER RECIBO<\/p><p>Marcos, Salom\u00e9<\/p>\t\t\t\t\t\t\t\t<\/div>\n\t\t\t\t<\/div>\n\t\t\t\t\t<\/div>\n\t\t<\/div>\n\t\t\t\t<div class=\"elementor-column elementor-col-16 elementor-top-column elementor-element elementor-element-99751b6\" data-id=\"99751b6\" data-element_type=\"column\">\n\t\t\t<div class=\"elementor-widget-wrap elementor-element-populated\">\n\t\t\t\t\t\t<div class=\"elementor-element elementor-element-2231052 elementor-widget elementor-widget-text-editor\" data-id=\"2231052\" data-element_type=\"widget\" data-widget_type=\"text-editor.default\">\n\t\t\t\t<div class=\"elementor-widget-container\">\n\t\t\t\t\t\t\t\t\t<p>VER RECIBO<\/p><p>Sivero, Maria Clara<\/p>\t\t\t\t\t\t\t\t<\/div>\n\t\t\t\t<\/div>\n\t\t\t\t\t<\/div>\n\t\t<\/div>\n\t\t\t\t<div class=\"elementor-column elementor-col-16 elementor-top-column elementor-element elementor-element-8d421c6\" data-id=\"8d421c6\" data-element_type=\"column\">\n\t\t\t<div class=\"elementor-widget-wrap elementor-element-populated\">\n\t\t\t\t\t\t<div class=\"elementor-element elementor-element-2cb7b10 elementor-widget elementor-widget-text-editor\" data-id=\"2cb7b10\" data-element_type=\"widget\" data-widget_type=\"text-editor.default\">\n\t\t\t\t<div class=\"elementor-widget-container\">\n\t\t\t\t\t\t\t\t\t<p>VER RECIBO<\/p><p>Alaniz, Alberto<\/p>\t\t\t\t\t\t\t\t<\/div>\n\t\t\t\t<\/div>\n\t\t\t\t\t<\/div>\n\t\t<\/div>\n\t\t\t\t<div class=\"elementor-column elementor-col-16 elementor-top-column elementor-element elementor-element-1fec8d7\" data-id=\"1fec8d7\" data-element_type=\"column\">\n\t\t\t<div class=\"elementor-widget-wrap\">\n\t\t\t\t\t\t\t<\/div>\n\t\t<\/div>\n\t\t\t\t\t<\/div>\n\t\t<\/section>\n\t\t\t\t<section class=\"elementor-section elementor-top-section elementor-element elementor-element-9eed5c5 elementor-section-boxed elementor-section-height-default elementor-section-height-default\" data-id=\"9eed5c5\" data-element_type=\"section\">\n\t\t\t\t\t\t<div class=\"elementor-container elementor-column-gap-default\">\n\t\t\t\t\t<div class=\"elementor-column elementor-col-100 elementor-top-column elementor-element elementor-element-35afca0\" data-id=\"35afca0\" data-element_type=\"column\">\n\t\t\t<div class=\"elementor-widget-wrap elementor-element-populated\">\n\t\t\t\t\t\t<div class=\"elementor-element elementor-element-1b51036 elementor-widget elementor-widget-heading\" data-id=\"1b51036\" data-element_type=\"widget\" data-widget_type=\"heading.default\">\n\t\t\t\t<div class=\"elementor-widget-container\">\n\t\t\t\t\t<h2 class=\"elementor-heading-title elementor-size-default\">Concejales Bloque Nuevos Aires <\/h2>\t\t\t\t<\/div>\n\t\t\t\t<\/div>\n\t\t\t\t\t<\/div>\n\t\t<\/div>\n\t\t\t\t\t<\/div>\n\t\t<\/section>\n\t\t\t\t<section class=\"elementor-section elementor-top-section elementor-element elementor-element-278e393 elementor-section-boxed elementor-section-height-default elementor-section-height-default\" data-id=\"278e393\" data-element_type=\"section\">\n\t\t\t\t\t\t<div class=\"elementor-container elementor-column-gap-default\">\n\t\t\t\t\t<div class=\"elementor-column elementor-col-16 elementor-top-column elementor-element elementor-element-ec1e74d\" data-id=\"ec1e74d\" data-element_type=\"column\">\n\t\t\t<div class=\"elementor-widget-wrap elementor-element-populated\">\n\t\t\t\t\t\t<div class=\"elementor-element elementor-element-c4bc081 elementor-widget elementor-widget-text-editor\" data-id=\"c4bc081\" data-element_type=\"widget\" data-widget_type=\"text-editor.default\">\n\t\t\t\t<div class=\"elementor-widget-container\">\n\t\t\t\t\t\t\t\t\t<p>VER RECIBO<\/p><p>Valerga, Jos\u00e9 Martiniano<\/p>\t\t\t\t\t\t\t\t<\/div>\n\t\t\t\t<\/div>\n\t\t\t\t\t<\/div>\n\t\t<\/div>\n\t\t\t\t<div class=\"elementor-column elementor-col-16 elementor-top-column elementor-element elementor-element-4ea356c\" data-id=\"4ea356c\" data-element_type=\"column\">\n\t\t\t<div class=\"elementor-widget-wrap elementor-element-populated\">\n\t\t\t\t\t\t<div class=\"elementor-element elementor-element-fcd0dce elementor-widget elementor-widget-text-editor\" data-id=\"fcd0dce\" data-element_type=\"widget\" data-widget_type=\"text-editor.default\">\n\t\t\t\t<div class=\"elementor-widget-container\">\n\t\t\t\t\t\t\t\t\t<p>VER RECIBO<\/p><p>Lazcano, Paola Andrea<\/p>\t\t\t\t\t\t\t\t<\/div>\n\t\t\t\t<\/div>\n\t\t\t\t\t<\/div>\n\t\t<\/div>\n\t\t\t\t<div class=\"elementor-column elementor-col-16 elementor-top-column elementor-element elementor-element-a5cbb82\" data-id=\"a5cbb82\" data-element_type=\"column\">\n\t\t\t<div class=\"elementor-widget-wrap elementor-element-populated\">\n\t\t\t\t\t\t<div class=\"elementor-element elementor-element-3a280ac elementor-widget elementor-widget-text-editor\" data-id=\"3a280ac\" data-element_type=\"widget\" data-widget_type=\"text-editor.default\">\n\t\t\t\t<div class=\"elementor-widget-container\">\n\t\t\t\t\t\t\t\t\t<p>VER RECIBO<\/p><p>De Torta, Juan Pablo<\/p>\t\t\t\t\t\t\t\t<\/div>\n\t\t\t\t<\/div>\n\t\t\t\t\t<\/div>\n\t\t<\/div>\n\t\t\t\t<div class=\"elementor-column elementor-col-16 elementor-top-column elementor-element elementor-element-a0d8507\" data-id=\"a0d8507\" data-element_type=\"column\">\n\t\t\t<div class=\"elementor-widget-wrap\">\n\t\t\t\t\t\t\t<\/div>\n\t\t<\/div>\n\t\t\t\t<div class=\"elementor-column elementor-col-16 elementor-top-column elementor-element elementor-element-88a3c82\" data-id=\"88a3c82\" data-element_type=\"column\">\n\t\t\t<div class=\"elementor-widget-wrap\">\n\t\t\t\t\t\t\t<\/div>\n\t\t<\/div>\n\t\t\t\t<div class=\"elementor-column elementor-col-16 elementor-top-column elementor-element elementor-element-7d2756a\" data-id=\"7d2756a\" data-element_type=\"column\">\n\t\t\t<div class=\"elementor-widget-wrap\">\n\t\t\t\t\t\t\t<\/div>\n\t\t<\/div>\n\t\t\t\t\t<\/div>\n\t\t<\/section>\n\t\t\t\t<section class=\"elementor-section elementor-top-section elementor-element elementor-element-89803d6 elementor-section-boxed elementor-section-height-default elementor-section-height-default\" data-id=\"89803d6\" data-element_type=\"section\">\n\t\t\t\t\t\t<div class=\"elementor-container elementor-column-gap-default\">\n\t\t\t\t\t<div class=\"elementor-column elementor-col-100 elementor-top-column elementor-element elementor-element-b23dd8f\" data-id=\"b23dd8f\" data-element_type=\"column\">\n\t\t\t<div class=\"elementor-widget-wrap elementor-element-populated\">\n\t\t\t\t\t\t<div class=\"elementor-element elementor-element-17ac6c5 elementor-widget elementor-widget-heading\" data-id=\"17ac6c5\" data-element_type=\"widget\" data-widget_type=\"heading.default\">\n\t\t\t\t<div class=\"elementor-widget-container\">\n\t\t\t\t\t<h2 class=\"elementor-heading-title elementor-size-default\">Concejales Bloque Potencia<\/h2>\t\t\t\t<\/div>\n\t\t\t\t<\/div>\n\t\t\t\t\t<\/div>\n\t\t<\/div>\n\t\t\t\t\t<\/div>\n\t\t<\/section>\n\t\t\t\t<section class=\"elementor-section elementor-top-section elementor-element elementor-element-1444541 elementor-section-boxed elementor-section-height-default elementor-section-height-default\" data-id=\"1444541\" data-element_type=\"section\">\n\t\t\t\t\t\t<div class=\"elementor-container elementor-column-gap-default\">\n\t\t\t\t\t<div class=\"elementor-column elementor-col-16 elementor-top-column elementor-element elementor-element-fdff35c\" data-id=\"fdff35c\" data-element_type=\"column\">\n\t\t\t<div class=\"elementor-widget-wrap elementor-element-populated\">\n\t\t\t\t\t\t<div class=\"elementor-element elementor-element-d04c667 elementor-widget elementor-widget-text-editor\" data-id=\"d04c667\" data-element_type=\"widget\" data-widget_type=\"text-editor.default\">\n\t\t\t\t<div class=\"elementor-widget-container\">\n\t\t\t\t\t\t\t\t\t<p>VER RECIBO<\/p><p>Paoltroni, Gabriela Elisabet<\/p>\t\t\t\t\t\t\t\t<\/div>\n\t\t\t\t<\/div>\n\t\t\t\t\t<\/div>\n\t\t<\/div>\n\t\t\t\t<div class=\"elementor-column elementor-col-16 elementor-top-column elementor-element elementor-element-b7aabb3\" data-id=\"b7aabb3\" data-element_type=\"column\">\n\t\t\t<div class=\"elementor-widget-wrap\">\n\t\t\t\t\t\t\t<\/div>\n\t\t<\/div>\n\t\t\t\t<div class=\"elementor-column elementor-col-16 elementor-top-column elementor-element elementor-element-26f0128\" data-id=\"26f0128\" data-element_type=\"column\">\n\t\t\t<div class=\"elementor-widget-wrap\">\n\t\t\t\t\t\t\t<\/div>\n\t\t<\/div>\n\t\t\t\t<div class=\"elementor-column elementor-col-16 elementor-top-column elementor-element elementor-element-53c2e58\" data-id=\"53c2e58\" data-element_type=\"column\">\n\t\t\t<div class=\"elementor-widget-wrap\">\n\t\t\t\t\t\t\t<\/div>\n\t\t<\/div>\n\t\t\t\t<div class=\"elementor-column elementor-col-16 elementor-top-column elementor-element elementor-element-ff124b1\" data-id=\"ff124b1\" data-element_type=\"column\">\n\t\t\t<div class=\"elementor-widget-wrap\">\n\t\t\t\t\t\t\t<\/div>\n\t\t<\/div>\n\t\t\t\t<div class=\"elementor-column elementor-col-16 elementor-top-column elementor-element elementor-element-a35a821\" data-id=\"a35a821\" data-element_type=\"column\">\n\t\t\t<div class=\"elementor-widget-wrap\">\n\t\t\t\t\t\t\t<\/div>\n\t\t<\/div>\n\t\t\t\t\t<\/div>\n\t\t<\/section>\n\t\t\t\t<section class=\"elementor-section elementor-top-section elementor-element elementor-element-4b895d9 elementor-section-boxed elementor-section-height-default elementor-section-height-default\" data-id=\"4b895d9\" data-element_type=\"section\">\n\t\t\t\t\t\t<div class=\"elementor-container elementor-column-gap-default\">\n\t\t\t\t\t<div class=\"elementor-column elementor-col-100 elementor-top-column elementor-element elementor-element-8393a5d\" data-id=\"8393a5d\" data-element_type=\"column\">\n\t\t\t<div class=\"elementor-widget-wrap elementor-element-populated\">\n\t\t\t\t\t\t<div class=\"elementor-element elementor-element-f9d0e06 elementor-widget elementor-widget-heading\" data-id=\"f9d0e06\" data-element_type=\"widget\" data-widget_type=\"heading.default\">\n\t\t\t\t<div class=\"elementor-widget-container\">\n\t\t\t\t\t<h2 class=\"elementor-heading-title elementor-size-default\">Concejales Bloque UCR<\/h2>\t\t\t\t<\/div>\n\t\t\t\t<\/div>\n\t\t\t\t\t<\/div>\n\t\t<\/div>\n\t\t\t\t\t<\/div>\n\t\t<\/section>\n\t\t\t\t<section class=\"elementor-section elementor-top-section elementor-element elementor-element-deb6126 elementor-section-boxed elementor-section-height-default elementor-section-height-default\" data-id=\"deb6126\" data-element_type=\"section\">\n\t\t\t\t\t\t<div class=\"elementor-container elementor-column-gap-default\">\n\t\t\t\t\t<div class=\"elementor-column elementor-col-16 elementor-top-column elementor-element elementor-element-c6b2ea1\" data-id=\"c6b2ea1\" data-element_type=\"column\">\n\t\t\t<div class=\"elementor-widget-wrap elementor-element-populated\">\n\t\t\t\t\t\t<div class=\"elementor-element elementor-element-c36b23b elementor-widget elementor-widget-text-editor\" data-id=\"c36b23b\" data-element_type=\"widget\" data-widget_type=\"text-editor.default\">\n\t\t\t\t<div class=\"elementor-widget-container\">\n\t\t\t\t\t\t\t\t\t<p>VER RECIBO<\/p><p>Pap\u00e1, Vanesa Estefan\u00eda<\/p>\t\t\t\t\t\t\t\t<\/div>\n\t\t\t\t<\/div>\n\t\t\t\t\t<\/div>\n\t\t<\/div>\n\t\t\t\t<div class=\"elementor-column elementor-col-16 elementor-top-column elementor-element elementor-element-c070cd8\" data-id=\"c070cd8\" data-element_type=\"column\">\n\t\t\t<div class=\"elementor-widget-wrap elementor-element-populated\">\n\t\t\t\t\t\t<div class=\"elementor-element elementor-element-957f072 elementor-widget elementor-widget-text-editor\" data-id=\"957f072\" data-element_type=\"widget\" data-widget_type=\"text-editor.default\">\n\t\t\t\t<div class=\"elementor-widget-container\">\n\t\t\t\t\t\t\t\t\t<p>VER RECIBO<\/p><p>Chojo, Marianela<\/p>\t\t\t\t\t\t\t\t<\/div>\n\t\t\t\t<\/div>\n\t\t\t\t\t<\/div>\n\t\t<\/div>\n\t\t\t\t<div class=\"elementor-column elementor-col-16 elementor-top-column elementor-element elementor-element-aa432ff\" data-id=\"aa432ff\" data-element_type=\"column\">\n\t\t\t<div class=\"elementor-widget-wrap elementor-element-populated\">\n\t\t\t\t\t\t<div class=\"elementor-element elementor-element-035fec7 elementor-widget elementor-widget-text-editor\" data-id=\"035fec7\" data-element_type=\"widget\" data-widget_type=\"text-editor.default\">\n\t\t\t\t<div class=\"elementor-widget-container\">\n\t\t\t\t\t\t\t\t\t<p>VER RECIBO<\/p><p>Gallo Villaverde, Pedro<\/p>\t\t\t\t\t\t\t\t<\/div>\n\t\t\t\t<\/div>\n\t\t\t\t\t<\/div>\n\t\t<\/div>\n\t\t\t\t<div class=\"elementor-column elementor-col-16 elementor-top-column elementor-element elementor-element-8063bc5\" data-id=\"8063bc5\" data-element_type=\"column\">\n\t\t\t<div class=\"elementor-widget-wrap\">\n\t\t\t\t\t\t\t<\/div>\n\t\t<\/div>\n\t\t\t\t<div class=\"elementor-column elementor-col-16 elementor-top-column elementor-element elementor-element-2b2ff35\" data-id=\"2b2ff35\" data-element_type=\"column\">\n\t\t\t<div class=\"elementor-widget-wrap\">\n\t\t\t\t\t\t\t<\/div>\n\t\t<\/div>\n\t\t\t\t<div class=\"elementor-column elementor-col-16 elementor-top-column elementor-element elementor-element-c5bfc6d\" data-id=\"c5bfc6d\" data-element_type=\"column\">\n\t\t\t<div class=\"elementor-widget-wrap\">\n\t\t\t\t\t\t\t<\/div>\n\t\t<\/div>\n\t\t\t\t\t<\/div>\n\t\t<\/section>\n\t\t\t\t<\/div>\n\t\t","protected":false},"excerpt":{"rendered":"<p>Concejales Bloque PJ-UxP VER RECIBO Elhelou, Carime Delia VER RECIBO Vilches, Jos\u00e9 Mariano VER RECIBO Marcos, Salom\u00e9 VER RECIBO Sivero, Maria Clara VER RECIBO Alaniz, Alberto Concejales Bloque Nuevos Aires VER RECIBO Valerga, Jos\u00e9 Martiniano VER RECIBO Lazcano, Paola Andrea VER RECIBO De Torta, Juan Pablo Concejales Bloque Potencia VER [&hellip;]<\/p>\n","protected":false},"author":1,"featured_media":0,"parent":0,"menu_order":0,"comment_status":"closed","ping_status":"closed","template":"page-templates\/template-pagebuilder-full-width.php","meta":{"footnotes":""},"class_list":["post-8477","page","type-page","status-publish","hentry"],"yoast_head":"<!-- This site is optimized with the Yoast SEO plugin v25.7 - https:\/\/yoast.com\/wordpress\/plugins\/seo\/ -->\n<title>RECIBOS DE HABERES AGOSTO 2026 - Honorable Concejo Deliberante<\/title>\n<meta name=\"robots\" content=\"index, follow, max-snippet:-1, max-image-preview:large, max-video-preview:-1\" \/>\n<link rel=\"canonical\" href=\"https:\/\/hcd.munialvear.gov.ar\/?page_id=8477\" \/>\n<meta property=\"og:locale\" content=\"es_ES\" \/>\n<meta property=\"og:type\" content=\"article\" \/>\n<meta property=\"og:title\" content=\"RECIBOS DE HABERES AGOSTO 2026 - Honorable Concejo Deliberante\" \/>\n<meta property=\"og:description\" content=\"Concejales Bloque PJ-UxP VER RECIBO Elhelou, Carime Delia VER RECIBO Vilches, Jos\u00e9 Mariano VER RECIBO Marcos, Salom\u00e9 VER RECIBO Sivero, Maria Clara VER RECIBO Alaniz, Alberto Concejales Bloque Nuevos Aires VER RECIBO Valerga, Jos\u00e9 Martiniano VER RECIBO Lazcano, Paola Andrea VER RECIBO De Torta, Juan Pablo Concejales Bloque Potencia VER [&hellip;]\" \/>\n<meta property=\"og:url\" content=\"https:\/\/hcd.munialvear.gov.ar\/?page_id=8477\" \/>\n<meta property=\"og:site_name\" content=\"Honorable Concejo Deliberante\" \/>\n<meta property=\"article:publisher\" content=\"https:\/\/www.facebook.com\/hcdalvearbaires\" \/>\n<meta property=\"article:modified_time\" content=\"2026-01-05T13:06:22+00:00\" \/>\n<meta name=\"twitter:card\" content=\"summary_large_image\" \/>\n<meta name=\"twitter:label1\" content=\"Tiempo de lectura\" \/>\n\t<meta name=\"twitter:data1\" content=\"1 minuto\" \/>\n<script type=\"application\/ld+json\" class=\"yoast-schema-graph\">{\"@context\":\"https:\/\/schema.org\",\"@graph\":[{\"@type\":\"WebPage\",\"@id\":\"https:\/\/hcd.munialvear.gov.ar\/?page_id=8477\",\"url\":\"https:\/\/hcd.munialvear.gov.ar\/?page_id=8477\",\"name\":\"RECIBOS DE HABERES AGOSTO 2026 - Honorable Concejo Deliberante\",\"isPartOf\":{\"@id\":\"https:\/\/hcd.munialvear.gov.ar\/#website\"},\"datePublished\":\"2026-01-05T13:06:01+00:00\",\"dateModified\":\"2026-01-05T13:06:22+00:00\",\"breadcrumb\":{\"@id\":\"https:\/\/hcd.munialvear.gov.ar\/?page_id=8477#breadcrumb\"},\"inLanguage\":\"es-AR\",\"potentialAction\":[{\"@type\":\"ReadAction\",\"target\":[\"https:\/\/hcd.munialvear.gov.ar\/?page_id=8477\"]}]},{\"@type\":\"BreadcrumbList\",\"@id\":\"https:\/\/hcd.munialvear.gov.ar\/?page_id=8477#breadcrumb\",\"itemListElement\":[{\"@type\":\"ListItem\",\"position\":1,\"name\":\"Inicio\",\"item\":\"https:\/\/hcd.munialvear.gov.ar\/\"},{\"@type\":\"ListItem\",\"position\":2,\"name\":\"RECIBOS DE HABERES AGOSTO 2026\"}]},{\"@type\":\"WebSite\",\"@id\":\"https:\/\/hcd.munialvear.gov.ar\/#website\",\"url\":\"https:\/\/hcd.munialvear.gov.ar\/\",\"name\":\"Honorable Concejo Deliberante\",\"description\":\"Honorable Concejo Deliberante de General Alvear\",\"publisher\":{\"@id\":\"https:\/\/hcd.munialvear.gov.ar\/#organization\"},\"potentialAction\":[{\"@type\":\"SearchAction\",\"target\":{\"@type\":\"EntryPoint\",\"urlTemplate\":\"https:\/\/hcd.munialvear.gov.ar\/?s={search_term_string}\"},\"query-input\":{\"@type\":\"PropertyValueSpecification\",\"valueRequired\":true,\"valueName\":\"search_term_string\"}}],\"inLanguage\":\"es-AR\"},{\"@type\":\"Organization\",\"@id\":\"https:\/\/hcd.munialvear.gov.ar\/#organization\",\"name\":\"Honorable Concejo Deliberante\",\"url\":\"https:\/\/hcd.munialvear.gov.ar\/\",\"logo\":{\"@type\":\"ImageObject\",\"inLanguage\":\"es-AR\",\"@id\":\"https:\/\/hcd.munialvear.gov.ar\/#\/schema\/logo\/image\/\",\"url\":\"https:\/\/hcd.munialvear.gov.ar\/wp-content\/uploads\/2026\/01\/cropped-logo-concejo-fond-blanco.png\",\"contentUrl\":\"https:\/\/hcd.munialvear.gov.ar\/wp-content\/uploads\/2026\/01\/cropped-logo-concejo-fond-blanco.png\",\"width\":1691,\"height\":1136,\"caption\":\"Honorable Concejo Deliberante\"},\"image\":{\"@id\":\"https:\/\/hcd.munialvear.gov.ar\/#\/schema\/logo\/image\/\"},\"sameAs\":[\"https:\/\/www.facebook.com\/hcdalvearbaires\"]}]}<\/script>\n<!-- \/ Yoast SEO plugin. -->","yoast_head_json":{"title":"RECIBOS DE HABERES AGOSTO 2026 - Honorable Concejo Deliberante","robots":{"index":"index","follow":"follow","max-snippet":"max-snippet:-1","max-image-preview":"max-image-preview:large","max-video-preview":"max-video-preview:-1"},"canonical":"https:\/\/hcd.munialvear.gov.ar\/?page_id=8477","og_locale":"es_ES","og_type":"article","og_title":"RECIBOS DE HABERES AGOSTO 2026 - Honorable Concejo Deliberante","og_description":"Concejales Bloque PJ-UxP VER RECIBO Elhelou, Carime Delia VER RECIBO Vilches, Jos\u00e9 Mariano VER RECIBO Marcos, Salom\u00e9 VER RECIBO Sivero, Maria Clara VER RECIBO Alaniz, Alberto Concejales Bloque Nuevos Aires VER RECIBO Valerga, Jos\u00e9 Martiniano VER RECIBO Lazcano, Paola Andrea VER RECIBO De Torta, Juan Pablo Concejales Bloque Potencia VER [&hellip;]","og_url":"https:\/\/hcd.munialvear.gov.ar\/?page_id=8477","og_site_name":"Honorable Concejo Deliberante","article_publisher":"https:\/\/www.facebook.com\/hcdalvearbaires","article_modified_time":"2026-01-05T13:06:22+00:00","twitter_card":"summary_large_image","twitter_misc":{"Tiempo de lectura":"1 minuto"},"schema":{"@context":"https:\/\/schema.org","@graph":[{"@type":"WebPage","@id":"https:\/\/hcd.munialvear.gov.ar\/?page_id=8477","url":"https:\/\/hcd.munialvear.gov.ar\/?page_id=8477","name":"RECIBOS DE HABERES AGOSTO 2026 - Honorable Concejo Deliberante","isPartOf":{"@id":"https:\/\/hcd.munialvear.gov.ar\/#website"},"datePublished":"2026-01-05T13:06:01+00:00","dateModified":"2026-01-05T13:06:22+00:00","breadcrumb":{"@id":"https:\/\/hcd.munialvear.gov.ar\/?page_id=8477#breadcrumb"},"inLanguage":"es-AR","potentialAction":[{"@type":"ReadAction","target":["https:\/\/hcd.munialvear.gov.ar\/?page_id=8477"]}]},{"@type":"BreadcrumbList","@id":"https:\/\/hcd.munialvear.gov.ar\/?page_id=8477#breadcrumb","itemListElement":[{"@type":"ListItem","position":1,"name":"Inicio","item":"https:\/\/hcd.munialvear.gov.ar\/"},{"@type":"ListItem","position":2,"name":"RECIBOS DE HABERES AGOSTO 2026"}]},{"@type":"WebSite","@id":"https:\/\/hcd.munialvear.gov.ar\/#website","url":"https:\/\/hcd.munialvear.gov.ar\/","name":"Honorable Concejo Deliberante","description":"Honorable Concejo Deliberante de General Alvear","publisher":{"@id":"https:\/\/hcd.munialvear.gov.ar\/#organization"},"potentialAction":[{"@type":"SearchAction","target":{"@type":"EntryPoint","urlTemplate":"https:\/\/hcd.munialvear.gov.ar\/?s={search_term_string}"},"query-input":{"@type":"PropertyValueSpecification","valueRequired":true,"valueName":"search_term_string"}}],"inLanguage":"es-AR"},{"@type":"Organization","@id":"https:\/\/hcd.munialvear.gov.ar\/#organization","name":"Honorable Concejo Deliberante","url":"https:\/\/hcd.munialvear.gov.ar\/","logo":{"@type":"ImageObject","inLanguage":"es-AR","@id":"https:\/\/hcd.munialvear.gov.ar\/#\/schema\/logo\/image\/","url":"https:\/\/hcd.munialvear.gov.ar\/wp-content\/uploads\/2026\/01\/cropped-logo-concejo-fond-blanco.png","contentUrl":"https:\/\/hcd.munialvear.gov.ar\/wp-content\/uploads\/2026\/01\/cropped-logo-concejo-fond-blanco.png","width":1691,"height":1136,"caption":"Honorable Concejo Deliberante"},"image":{"@id":"https:\/\/hcd.munialvear.gov.ar\/#\/schema\/logo\/image\/"},"sameAs":["https:\/\/www.facebook.com\/hcdalvearbaires"]}]}},"_links":{"self":[{"href":"https:\/\/hcd.munialvear.gov.ar\/index.php?rest_route=\/wp\/v2\/pages\/8477","targetHints":{"allow":["GET"]}}],"collection":[{"href":"https:\/\/hcd.munialvear.gov.ar\/index.php?rest_route=\/wp\/v2\/pages"}],"about":[{"href":"https:\/\/hcd.munialvear.gov.ar\/index.php?rest_route=\/wp\/v2\/types\/page"}],"author":[{"embeddable":true,"href":"https:\/\/hcd.munialvear.gov.ar\/index.php?rest_route=\/wp\/v2\/users\/1"}],"replies":[{"embeddable":true,"href":"https:\/\/hcd.munialvear.gov.ar\/index.php?rest_route=%2Fwp%2Fv2%2Fcomments&post=8477"}],"version-history":[{"count":7,"href":"https:\/\/hcd.munialvear.gov.ar\/index.php?rest_route=\/wp\/v2\/pages\/8477\/revisions"}],"predecessor-version":[{"id":8484,"href":"https:\/\/hcd.munialvear.gov.ar\/index.php?rest_route=\/wp\/v2\/pages\/8477\/revisions\/8484"}],"wp:attachment":[{"href":"https:\/\/hcd.munialvear.gov.ar\/index.php?rest_route=%2Fwp%2Fv2%2Fmedia&parent=8477"}],"curies":[{"name":"wp","href":"https:\/\/api.w.org\/{rel}","templated":true}]}}